{"id":1712,"date":"2023-10-27T09:03:37","date_gmt":"2023-10-27T14:03:37","guid":{"rendered":"https:\/\/rastomgemmological.com\/certificaciones\/"},"modified":"2023-11-20T16:32:26","modified_gmt":"2023-11-20T16:32:26","slug":"certificazioni","status":"publish","type":"page","link":"https:\/\/rastomgemmological.com\/it\/certificazioni\/","title":{"rendered":"Certificazioni"},"content":{"rendered":"\t\t<div data-elementor-type=\"wp-page\" data-elementor-id=\"1712\" class=\"elementor elementor-1712 elementor-273\" data-elementor-post-type=\"page\">\n\t\t\t\t\t\t\t<div class=\"elementor-element elementor-element-05a2a4a e-con-full e-flex e-con e-parent\" data-id=\"05a2a4a\" data-element_type=\"container\" data-settings=\"{&quot;content_width&quot;:&quot;full&quot;}\" data-core-v316-plus=\"true\">\n\t\t\t\t<div class=\"elementor-element elementor-element-0f70cd3 elementor-widget elementor-widget-heading\" data-id=\"0f70cd3\" data-element_type=\"widget\" data-widget_type=\"heading.default\">\n\t\t\t\t<div class=\"elementor-widget-container\">\n\t\t\t<style>\/*! elementor - v3.18.0 - 08-12-2023 *\/\n.elementor-heading-title{padding:0;margin:0;line-height:1}.elementor-widget-heading .elementor-heading-title[class*=elementor-size-]>a{color:inherit;font-size:inherit;line-height:inherit}.elementor-widget-heading .elementor-heading-title.elementor-size-small{font-size:15px}.elementor-widget-heading .elementor-heading-title.elementor-size-medium{font-size:19px}.elementor-widget-heading .elementor-heading-title.elementor-size-large{font-size:29px}.elementor-widget-heading .elementor-heading-title.elementor-size-xl{font-size:39px}.elementor-widget-heading .elementor-heading-title.elementor-size-xxl{font-size:59px}<\/style><p class=\"elementor-heading-title elementor-size-default\">Area esclusiva per i Clienti<\/p>\t\t<\/div>\n\t\t\t\t<\/div>\n\t\t\t\t<div class=\"elementor-element elementor-element-8ca1086 elementor-widget elementor-widget-heading\" data-id=\"8ca1086\" data-element_type=\"widget\" data-widget_type=\"heading.default\">\n\t\t\t\t<div class=\"elementor-widget-container\">\n\t\t\t<h1 class=\"elementor-heading-title elementor-size-default\">Consulta <span class=\"gold-color\">il tuo<\/span> Certificato<\/h1>\t\t<\/div>\n\t\t\t\t<\/div>\n\t\t<div class=\"elementor-element elementor-element-b7a6e6b e-con-full e-flex e-con e-child\" data-id=\"b7a6e6b\" data-element_type=\"container\" data-settings=\"{&quot;content_width&quot;:&quot;full&quot;}\">\n\t\t\t\t<div class=\"elementor-element elementor-element-b41f384 elementor-widget__width-auto elementor-widget elementor-widget-heading\" data-id=\"b41f384\" data-element_type=\"widget\" data-widget_type=\"heading.default\">\n\t\t\t\t<div class=\"elementor-widget-container\">\n\t\t\t<h2 class=\"elementor-heading-title elementor-size-default\">GARANZIA<\/h2>\t\t<\/div>\n\t\t\t\t<\/div>\n\t\t\t\t<div class=\"elementor-element elementor-element-4c5e400 elementor-widget__width-auto elementor-widget elementor-widget-heading\" data-id=\"4c5e400\" data-element_type=\"widget\" data-widget_type=\"heading.default\">\n\t\t\t\t<div class=\"elementor-widget-container\">\n\t\t\t<h2 class=\"elementor-heading-title elementor-size-default\">Rastom<\/h2>\t\t<\/div>\n\t\t\t\t<\/div>\n\t\t\t\t<\/div>\n\t\t\t\t<div class=\"elementor-element elementor-element-c0899d0 elementor-widget elementor-widget-heading\" data-id=\"c0899d0\" data-element_type=\"widget\" data-widget_type=\"heading.default\">\n\t\t\t\t<div class=\"elementor-widget-container\">\n\t\t\t<h3 class=\"elementor-heading-title elementor-size-default\">Fiducia gemmologica dal 1979<\/h3>\t\t<\/div>\n\t\t\t\t<\/div>\n\t\t\t\t<\/div>\n\t\t<div class=\"elementor-element elementor-element-6ab5ccb e-flex e-con-boxed e-con e-parent\" data-id=\"6ab5ccb\" data-element_type=\"container\" data-settings=\"{&quot;content_width&quot;:&quot;boxed&quot;}\" data-core-v316-plus=\"true\">\n\t\t\t\t\t<div class=\"e-con-inner\">\n\t\t<div class=\"elementor-element elementor-element-df4baa8 e-flex e-con-boxed e-con e-child\" data-id=\"df4baa8\" data-element_type=\"container\" data-settings=\"{&quot;background_background&quot;:&quot;classic&quot;,&quot;content_width&quot;:&quot;boxed&quot;}\">\n\t\t\t\t\t<div class=\"e-con-inner\">\n\t\t\t\t<div class=\"elementor-element elementor-element-036480a elementor-widget elementor-widget-heading\" data-id=\"036480a\" data-element_type=\"widget\" data-widget_type=\"heading.default\">\n\t\t\t\t<div class=\"elementor-widget-container\">\n\t\t\t<h3 class=\"elementor-heading-title elementor-size-default\">CONSULTA IL TUO CERTIFICATO<\/h3>\t\t<\/div>\n\t\t\t\t<\/div>\n\t\t\t\t<div class=\"elementor-element elementor-element-166a0d8 elementor-widget elementor-widget-wpforms\" data-id=\"166a0d8\" data-element_type=\"widget\" data-widget_type=\"wpforms.default\">\n\t\t\t\t<div class=\"elementor-widget-container\">\n\t\t\t<style id=\"wpforms-css-vars-root\">\n\t\t\t\t:root {\n\t\t\t\t\t--wpforms-field-border-radius: 3px;\n--wpforms-field-background-color: #ffffff;\n--wpforms-field-border-color: rgba( 0, 0, 0, 0.25 );\n--wpforms-field-text-color: rgba( 0, 0, 0, 0.7 );\n--wpforms-label-color: rgba( 0, 0, 0, 0.85 );\n--wpforms-label-sublabel-color: rgba( 0, 0, 0, 0.55 );\n--wpforms-label-error-color: #d63637;\n--wpforms-button-border-radius: 3px;\n--wpforms-button-background-color: #066aab;\n--wpforms-button-text-color: #ffffff;\n--wpforms-field-size-input-height: 43px;\n--wpforms-field-size-input-spacing: 15px;\n--wpforms-field-size-font-size: 16px;\n--wpforms-field-size-line-height: 19px;\n--wpforms-field-size-padding-h: 14px;\n--wpforms-field-size-checkbox-size: 16px;\n--wpforms-field-size-sublabel-spacing: 5px;\n--wpforms-field-size-icon-size: 1;\n--wpforms-label-size-font-size: 16px;\n--wpforms-label-size-line-height: 19px;\n--wpforms-label-size-sublabel-font-size: 14px;\n--wpforms-label-size-sublabel-line-height: 17px;\n--wpforms-button-size-font-size: 17px;\n--wpforms-button-size-height: 41px;\n--wpforms-button-size-padding-h: 15px;\n--wpforms-button-size-margin-top: 10px;\n\n\t\t\t\t}\n\t\t\t<\/style><style id=\"wpforms-css-vars-elementor-widget-166a0d8\">\n\t\t\t\t.elementor-widget-wpforms.elementor-element-166a0d8 {\n\t\t\t\t\t--wpforms-field-border-radius: 0px;\n--wpforms-field-background-color: #FFFFFF;\n--wpforms-field-text-color: #000000;\n--wpforms-label-color: #979696;\n--wpforms-button-border-radius: 0px;\n--wpforms-button-background-color: #000000;\n--wpforms-field-size-input-height: 43px;\n--wpforms-field-size-input-spacing: 15px;\n--wpforms-field-size-font-size: 16px;\n--wpforms-field-size-line-height: 19px;\n--wpforms-field-size-padding-h: 14px;\n--wpforms-field-size-checkbox-size: 16px;\n--wpforms-field-size-sublabel-spacing: 5px;\n--wpforms-field-size-icon-size: 1;\n--wpforms-label-size-font-size: 16px;\n--wpforms-label-size-line-height: 19px;\n--wpforms-label-size-sublabel-font-size: 14px;\n--wpforms-label-size-sublabel-line-height: 17px;\n--wpforms-button-size-font-size: 17px;\n--wpforms-button-size-height: 41px;\n--wpforms-button-size-padding-h: 15px;\n--wpforms-button-size-margin-top: 10px;\n\n\t\t\t\t}\n\t\t\t<\/style><div class=\"wpforms-container wpforms-container-full certification-form wpforms-render-modern\" id=\"wpforms-1827\"><form id=\"wpforms-form-1827\" class=\"wpforms-validate wpforms-form wpforms-ajax-form\" data-formid=\"1827\" method=\"post\" enctype=\"multipart\/form-data\" action=\"\/it\/wp-json\/wp\/v2\/pages\/1712\" data-token=\"1e9798fa653dd8b170e2d95be7f1d779\"><noscript class=\"wpforms-error-noscript\">Abilita JavaScript nel browser per completare questo modulo.<\/noscript><div class=\"wpforms-hidden\" id=\"wpforms-error-noscript\">Abilita JavaScript nel browser per completare questo modulo.<\/div><div class=\"wpforms-field-container\"><div id=\"wpforms-1827-field_14-container\" class=\"wpforms-field wpforms-field-html\" data-field-id=\"14\"><div id=\"wpforms-1827-field_14\" aria-errormessage=\"wpforms-1827-field_14-error\"><p class=\"campo-obligatorio\">* Campo obbligatorio<\/p><\/div><\/div><div id=\"wpforms-1827-field_3-container\" class=\"wpforms-field wpforms-field-radio wpforms-list-inline\" data-field-id=\"3\"><fieldset><legend class=\"wpforms-field-label\">Titolo <span class=\"wpforms-required-label\" aria-hidden=\"true\">*<\/span><\/legend><ul id=\"wpforms-1827-field_3\" class=\"wpforms-field-required\"><li class=\"choice-1 depth-1\"><input type=\"radio\" id=\"wpforms-1827-field_3_1\" name=\"wpforms[fields][3]\" value=\"SIG\" aria-errormessage=\"wpforms-1827-field_3_1-error\" required ><label class=\"wpforms-field-label-inline\" for=\"wpforms-1827-field_3_1\">SIG<\/label><\/li><li class=\"choice-2 depth-1\"><input type=\"radio\" id=\"wpforms-1827-field_3_2\" name=\"wpforms[fields][3]\" value=\"MS\" aria-errormessage=\"wpforms-1827-field_3_2-error\" required ><label class=\"wpforms-field-label-inline\" for=\"wpforms-1827-field_3_2\">MS<\/label><\/li><li class=\"choice-3 depth-1\"><input type=\"radio\" id=\"wpforms-1827-field_3_3\" name=\"wpforms[fields][3]\" value=\"ALTRO\" aria-errormessage=\"wpforms-1827-field_3_3-error\" required ><label class=\"wpforms-field-label-inline\" for=\"wpforms-1827-field_3_3\">ALTRO<\/label><\/li><\/ul><\/fieldset><\/div><div id=\"wpforms-1827-field_4-container\" class=\"wpforms-field wpforms-field-text\" data-field-id=\"4\"><label class=\"wpforms-field-label wpforms-label-hide\" for=\"wpforms-1827-field_4\" aria-hidden=\"false\">Nombre <span class=\"wpforms-required-label\" aria-hidden=\"true\">*<\/span><\/label><input type=\"text\" id=\"wpforms-1827-field_4\" class=\"wpforms-field-large wpforms-field-required\" name=\"wpforms[fields][4]\" placeholder=\"Nome *\" aria-errormessage=\"wpforms-1827-field_4-error\" required><\/div><div id=\"wpforms-1827-field_6-container\" class=\"wpforms-field wpforms-field-text\" data-field-id=\"6\"><label class=\"wpforms-field-label wpforms-label-hide\" for=\"wpforms-1827-field_6\" aria-hidden=\"false\">Apellidos <span class=\"wpforms-required-label\" aria-hidden=\"true\">*<\/span><\/label><input type=\"text\" id=\"wpforms-1827-field_6\" class=\"wpforms-field-large wpforms-field-required\" name=\"wpforms[fields][6]\" placeholder=\"Cognome *\" aria-errormessage=\"wpforms-1827-field_6-error\" required><\/div><div id=\"wpforms-1827-field_1-container\" class=\"wpforms-field wpforms-field-email\" data-field-id=\"1\"><label class=\"wpforms-field-label wpforms-label-hide\" for=\"wpforms-1827-field_1\" aria-hidden=\"false\">Email <span class=\"wpforms-required-label\" aria-hidden=\"true\">*<\/span><\/label><input type=\"email\" id=\"wpforms-1827-field_1\" class=\"wpforms-field-large wpforms-field-required\" name=\"wpforms[fields][1]\" placeholder=\"Indirizzo email *\" spellcheck=\"false\" aria-errormessage=\"wpforms-1827-field_1-error\" required><\/div><div id=\"wpforms-1827-field_5-container\" class=\"wpforms-field wpforms-field-text\" data-field-id=\"5\"><label class=\"wpforms-field-label wpforms-label-hide\" for=\"wpforms-1827-field_5\" aria-hidden=\"false\">Pa\u00eds <span class=\"wpforms-required-label\" aria-hidden=\"true\">*<\/span><\/label><input type=\"text\" id=\"wpforms-1827-field_5\" class=\"wpforms-field-large wpforms-field-required\" name=\"wpforms[fields][5]\" placeholder=\"Paese *\" aria-errormessage=\"wpforms-1827-field_5-error\" required><\/div><div id=\"wpforms-1827-field_7-container\" class=\"wpforms-field wpforms-field-text\" data-field-id=\"7\"><label class=\"wpforms-field-label wpforms-label-hide\" for=\"wpforms-1827-field_7\" aria-hidden=\"false\">Tel\u00e9fono <span class=\"wpforms-required-label\" aria-hidden=\"true\">*<\/span><\/label><input type=\"text\" id=\"wpforms-1827-field_7\" class=\"wpforms-field-large wpforms-field-required\" name=\"wpforms[fields][7]\" placeholder=\"Telefono *\" aria-errormessage=\"wpforms-1827-field_7-error\" required><\/div><div id=\"wpforms-1827-field_9-container\" class=\"wpforms-field wpforms-field-select wpforms-conditional-trigger wpforms-field-select-style-classic\" data-field-id=\"9\"><label class=\"wpforms-field-label wpforms-label-hide\" for=\"wpforms-1827-field_9\" aria-hidden=\"false\">Tipo de certificaci\u00f3n <span class=\"wpforms-required-label\" aria-hidden=\"true\">*<\/span><\/label><select id=\"wpforms-1827-field_9\" class=\"wpforms-field-large wpforms-field-required\" name=\"wpforms[fields][9]\" required=\"required\"><option value=\"\" class=\"placeholder\" disabled  selected='selected'>Tipo di certificazione *<\/option><option value=\"Gioielli\" >Gioielli<\/option><option value=\"Orologi\" >Orologi<\/option><option value=\"Monete Antiche Internazionali\" >Monete Antiche Internazionali<\/option><option value=\"Pietre Preziose Colorate\" >Pietre Preziose Colorate<\/option><option value=\"Diamanti\" >Diamanti<\/option><option value=\"Materiali Preziosi\" >Materiali Preziosi<\/option><\/select><\/div><div id=\"wpforms-1827-field_13-container\" class=\"wpforms-field wpforms-field-text wpforms-conditional-field wpforms-conditional-show\" data-field-id=\"13\" style=\"display:none;\"><label class=\"wpforms-field-label wpforms-label-hide\" for=\"wpforms-1827-field_13\" aria-hidden=\"false\">N\u00famero de certificaci\u00f3n Rastom <span class=\"wpforms-required-label\" aria-hidden=\"true\">*<\/span><\/label><input type=\"text\" id=\"wpforms-1827-field_13\" class=\"wpforms-field-large wpforms-field-required wpforms-limit-characters-enabled\" data-form-id=\"1827\" data-field-id=\"13\" data-text-limit=\"11\" name=\"wpforms[fields][13]\" placeholder=\"Numero di certificazione Rastom *\" aria-errormessage=\"wpforms-1827-field_13-error\" maxlength=\"11\" required><\/div><div id=\"wpforms-1827-field_10-container\" class=\"wpforms-field wpforms-field-checkbox\" data-field-id=\"10\"><fieldset><legend class=\"wpforms-field-label wpforms-label-hide\" aria-hidden=\"false\">Pol\u00edtica de privacidad <span class=\"wpforms-required-label\" aria-hidden=\"true\">*<\/span><\/legend><ul id=\"wpforms-1827-field_10\" class=\"wpforms-field-required\"><li class=\"choice-1 depth-1\"><input type=\"checkbox\" id=\"wpforms-1827-field_10_1\" name=\"wpforms[fields][10][]\" value=\"Ho letto e accetto la &lt;a href=&quot;\/it\/politica-sulla-privacy\/&quot;&gt;politica sulla privacy\/&lt;\/a&gt;.\" aria-errormessage=\"wpforms-1827-field_10_1-error\" required ><label class=\"wpforms-field-label-inline\" for=\"wpforms-1827-field_10_1\">Ho letto e accetto la <a href=\"\/it\/politica-sulla-privacy\/\">politica sulla privacy\/<\/a>.<\/label><\/li><\/ul><\/fieldset><\/div><div id=\"wpforms-1827-field_11-container\" class=\"wpforms-field wpforms-field-checkbox\" data-field-id=\"11\"><fieldset><legend class=\"wpforms-field-label wpforms-label-hide\" aria-hidden=\"false\">Recibir informaci\u00f3n<\/legend><ul id=\"wpforms-1827-field_11\"><li class=\"choice-2 depth-1\"><input type=\"checkbox\" id=\"wpforms-1827-field_11_2\" name=\"wpforms[fields][11][]\" value=\"Vorrei anche ricevere informazioni su Formazione Professionale e tutti i servizi di Gemmological Laboratory Rastom University International. Potremmo inviarti queste informazioni per telefono, e-mail, messaggio di testo o posta. Potremmo anche utilizzare le tue informazioni per inviarti messaggi o pubblicit\u00e0 personalizzata attraverso i social media o altre piattaforme digitali. Puoi richiedere che smettiamo di inviarti informazioni di marketing in qualsiasi momento. Cliccando su invia, acconsento alla condivisione dei miei dati con il distributore autorizzato di Rastom al fine di fissare un appuntamento con la nostra societ\u00e0.\" aria-errormessage=\"wpforms-1827-field_11_2-error\"  ><label class=\"wpforms-field-label-inline\" for=\"wpforms-1827-field_11_2\">Vorrei anche ricevere informazioni su Formazione Professionale e tutti i servizi di Gemmological Laboratory Rastom University International. Potremmo inviarti queste informazioni per telefono, e-mail, messaggio di testo o posta. Potremmo anche utilizzare le tue informazioni per inviarti messaggi o pubblicit\u00e0 personalizzata attraverso i social media o altre piattaforme digitali. Puoi richiedere che smettiamo di inviarti informazioni di marketing in qualsiasi momento. Cliccando su invia, acconsento alla condivisione dei miei dati con il distributore autorizzato di Rastom al fine di fissare un appuntamento con la nostra societ\u00e0.<\/label><\/li><\/ul><\/fieldset><\/div><\/div><!-- .wpforms-field-container --><div class=\"wpforms-submit-container\" ><input type=\"hidden\" name=\"wpforms[id]\" value=\"1827\"><input type=\"hidden\" name=\"wpforms[author]\" value=\"1\"><button type=\"submit\" name=\"wpforms[submit]\" id=\"wpforms-submit-1827\" class=\"wpforms-submit\" data-alt-text=\"Inviando...\" data-submit-text=\"Inviare\" aria-live=\"assertive\" value=\"wpforms-submit\">Inviare<\/button><img decoding=\"async\" src=\"https:\/\/rastomgemmological.com\/wp-content\/plugins\/wpforms\/assets\/images\/submit-spin.svg\" class=\"wpforms-submit-spinner\" style=\"display: none;\" width=\"26\" height=\"26\" alt=\"Caricamento\"><\/div><\/form><\/div>  <!-- .wpforms-container -->\t\t<\/div>\n\t\t\t\t<\/div>\n\t\t\t\t\t<\/div>\n\t\t\t\t<\/div>\n\t\t\t\t\t<\/div>\n\t\t\t\t<\/div>\n\t\t\t\t\t\t\t<\/div>\n\t\t","protected":false},"excerpt":{"rendered":"<p>Area esclusiva per i Clienti Consulta il tuo Certificato GARANZIA Rastom Fiducia gemmologica dal 1979 CONSULTA IL TUO CERTIFICATO Abilita JavaScript nel browser per completare questo modulo.Abilita JavaScript nel browser per completare questo modulo. * Campo obligatorio T\u00edtulo * SR SRA OTRO Nombre *Apellidos (copy) *Email *Pa\u00eds *Tel\u00e9fono *Tipo de certificaci\u00f3n *Tipo de certificaci\u00f3n *JoyasRelojesMoneda [&hellip;]<\/p>\n","protected":false},"author":1,"featured_media":0,"parent":0,"menu_order":0,"comment_status":"closed","ping_status":"closed","template":"","meta":{"footnotes":""},"class_list":["post-1712","page","type-page","status-publish","hentry"],"_links":{"self":[{"href":"https:\/\/rastomgemmological.com\/it\/wp-json\/wp\/v2\/pages\/1712","targetHints":{"allow":["GET"]}}],"collection":[{"href":"https:\/\/rastomgemmological.com\/it\/wp-json\/wp\/v2\/pages"}],"about":[{"href":"https:\/\/rastomgemmological.com\/it\/wp-json\/wp\/v2\/types\/page"}],"author":[{"embeddable":true,"href":"https:\/\/rastomgemmological.com\/it\/wp-json\/wp\/v2\/users\/1"}],"replies":[{"embeddable":true,"href":"https:\/\/rastomgemmological.com\/it\/wp-json\/wp\/v2\/comments?post=1712"}],"version-history":[{"count":8,"href":"https:\/\/rastomgemmological.com\/it\/wp-json\/wp\/v2\/pages\/1712\/revisions"}],"predecessor-version":[{"id":1833,"href":"https:\/\/rastomgemmological.com\/it\/wp-json\/wp\/v2\/pages\/1712\/revisions\/1833"}],"wp:attachment":[{"href":"https:\/\/rastomgemmological.com\/it\/wp-json\/wp\/v2\/media?parent=1712"}],"curies":[{"name":"wp","href":"https:\/\/api.w.org\/{rel}","templated":true}]}}